{"id":42,"date":"2019-07-02T20:08:49","date_gmt":"2019-07-02T20:08:49","guid":{"rendered":"https:\/\/ehc-mo.ch\/?page_id=42"},"modified":"2019-07-11T09:05:34","modified_gmt":"2019-07-11T08:05:34","slug":"verein","status":"publish","type":"page","link":"https:\/\/ehc-mo.ch\/?page_id=42","title":{"rendered":"Verein"},"content":{"rendered":"\n<h1 class=\"wp-block-heading\">Verein<\/h1>\n\n\n\n<p>Der Verein Matchorganisation\nEHC Chur ist bei den Spielen der ersten Mannschaft f\u00fcr den Spielbetrieb, das\nTicketing und die Sicherheit zust\u00e4ndig.<\/p>\n\n\n\n<p>Zu den Aufgaben geh\u00f6ren:<\/p>\n\n\n\n<ul class=\"wp-block-list\"><li>Ticketverkauf<\/li><\/ul>\n\n\n\n<ul class=\"wp-block-list\"><li>Ticketkontrolle<\/li><\/ul>\n\n\n\n<ul class=\"wp-block-list\"><li>Eingangskontrolle<\/li><\/ul>\n\n\n\n<ul class=\"wp-block-list\"><li>Stadionsicherheit<\/li><\/ul>\n\n\n\n<ul class=\"wp-block-list\"><li>Stadionspeaker<\/li><\/ul>\n\n\n\n<ul class=\"wp-block-list\"><li>Punktrichter<\/li><\/ul>\n\n\n\n<ul class=\"wp-block-list\"><li>Zeitnehmer<\/li><\/ul>\n\n\n\n<ul class=\"wp-block-list\"><li>Torrichter<\/li><\/ul>\n\n\n\n<ul class=\"wp-block-list\"><li>Sanit\u00e4t<\/li><\/ul>\n\n\n\n<p>Der eigenst\u00e4ndige Verein z\u00e4hlt\n43 Mitgliederinnen und Mitglieder und bietet ihre Leistungen auch f\u00fcr andere\nVeranstaltungen an.<\/p>\n\n\n\n<p>Kontakt:<\/p>\n\n\n\n<p>Matchorganisation EHC Chur<br>Postfach 369<br>7007 Chur<\/p>\n\n\n\n<iframe loading=\"lazy\" src=\"https:\/\/www.google.com\/maps\/d\/embed?mid=13dCVHAy32apoctX4pQ0ZGfRC4LMNX1sC\" width=\"640\" height=\"480\"><\/iframe>\n\n\n\n<p>Email: <a href=\"javascript:forego(%222504%207640%203707%20735%209054%208105%208756%207113%204346%209630%20735%208502%207113%208756%22,9991,3917)\">info@ehc-mo.ch <\/a><\/p>\n\n\n\n<p>Telefon:\u00a0 +41 76 466 51 75<\/p>\n","protected":false},"excerpt":{"rendered":"<p>Verein Der Verein Matchorganisation EHC Chur ist bei den Spielen der ersten Mannschaft f\u00fcr den Spielbetrieb, das Ticketing und die Sicherheit zust\u00e4ndig. Zu den Aufgaben geh\u00f6ren: Ticketverkauf Ticketkontrolle Eingangskontrolle Stadionsicherheit Stadionspeaker Punktrichter Zeitnehmer Torrichter Sanit\u00e4t Der eigenst\u00e4ndige Verein z\u00e4hlt 43 Mitgliederinnen und Mitglieder und bietet ihre Leistungen auch f\u00fcr andere Veranstaltungen an. Kontakt: Matchorganisation EHC &hellip; <\/p>\n<p class=\"link-more\"><a href=\"https:\/\/ehc-mo.ch\/?page_id=42\" class=\"more-link\"><span class=\"screen-reader-text\">&#171;Verein&#187;<\/span> weiterlesen<\/a><\/p>\n","protected":false},"author":1,"featured_media":0,"parent":0,"menu_order":0,"comment_status":"closed","ping_status":"closed","template":"","meta":{"footnotes":""},"class_list":["post-42","page","type-page","status-publish","hentry"],"_links":{"self":[{"href":"https:\/\/ehc-mo.ch\/index.php?rest_route=\/wp\/v2\/pages\/42","targetHints":{"allow":["GET"]}}],"collection":[{"href":"https:\/\/ehc-mo.ch\/index.php?rest_route=\/wp\/v2\/pages"}],"about":[{"href":"https:\/\/ehc-mo.ch\/index.php?rest_route=\/wp\/v2\/types\/page"}],"author":[{"embeddable":true,"href":"https:\/\/ehc-mo.ch\/index.php?rest_route=\/wp\/v2\/users\/1"}],"replies":[{"embeddable":true,"href":"https:\/\/ehc-mo.ch\/index.php?rest_route=%2Fwp%2Fv2%2Fcomments&post=42"}],"version-history":[{"count":6,"href":"https:\/\/ehc-mo.ch\/index.php?rest_route=\/wp\/v2\/pages\/42\/revisions"}],"predecessor-version":[{"id":227,"href":"https:\/\/ehc-mo.ch\/index.php?rest_route=\/wp\/v2\/pages\/42\/revisions\/227"}],"wp:attachment":[{"href":"https:\/\/ehc-mo.ch\/index.php?rest_route=%2Fwp%2Fv2%2Fmedia&parent=42"}],"curies":[{"name":"wp","href":"https:\/\/api.w.org\/{rel}","templated":true}]}}