{"id":61,"date":"2019-07-02T20:11:39","date_gmt":"2019-07-02T20:11:39","guid":{"rendered":"https:\/\/ehc-mo.ch\/?page_id=61"},"modified":"2024-12-06T11:56:06","modified_gmt":"2024-12-06T10:56:06","slug":"vorstellung","status":"publish","type":"page","link":"https:\/\/ehc-mo.ch\/?page_id=61","title":{"rendered":"Vorstellung"},"content":{"rendered":"\n<p><strong>MO, Die<br>Matchorganisation EHC Chur stellt sich vor<\/strong><br> <br> <strong>Eine Organisation, die<br>aus dem Umfeld des EHC Chur nicht mehr wegzudenken ist.<\/strong><br> Seit rund 60 Jahren sind wir f\u00fcr den Bereich Spielbetrieb und Kassenwesen f\u00fcr die 1. Manschaft des EHC Chur verantwortlich. Auch die Aufgaben der Sanit\u00e4t geh\u00f6ren in unsere Verantwortung. \u00dcber 40 Mitglieder teilen sich diese Aufgaben und investieren einen grossen Teil ihrer Freizeit f\u00fcr den EHC Chur. Ihre Eins\u00e4tze sind ehrenamtlich. <br>Die Entsch\u00e4digung, die der EHC Chur uns bezahlt, fliesst vollumf\u00e4nglich in die Vereinskasse und wird an verschiedenen Anl\u00e4ssen, wie Ausfl\u00fcge, Essen oder Grillplausch an alle diese fleissigen Helfer wieder zur\u00fcckgegeben. <br>Nicht immer ist unsere Arbeit das reinste Honigschlecken, m\u00fcssen wir doch teilweise auch mit schwierigen Fans einen guten Konsens finden. Wir haben nat\u00fcrlich \u00fcber die ganze Zeit auch einige Hochs und Tiefs mit dem EHC Chur mitgemacht. Nicht immer war es einfach, die Helfer zu motivieren, umso erstaunlicher ist es, dass sich immer wieder Leute finden, die bereit sind mitzumachen und so einen wichtigen Teil zum EHC Chur beitragen. <br>Gross geschrieben wird in unseren Reihen die Kameradschaft und das Vereinsleben. Einige unserer Mitglieder sind bereits 20, 30 Jahre dabei, die l\u00e4ngste Mitgliedschaft liegt bei 43 Jahren. Wir sind selbstverst\u00e4ndlich immer auf Nachwuchs angewiesen und freuen uns auf jedes neue Gesicht.<\/p>\n","protected":false},"excerpt":{"rendered":"<p>MO, DieMatchorganisation EHC Chur stellt sich vor Eine Organisation, dieaus dem Umfeld des EHC Chur nicht mehr wegzudenken ist. Seit rund 60 Jahren sind wir f\u00fcr den Bereich Spielbetrieb und Kassenwesen f\u00fcr die 1. Manschaft des EHC Chur verantwortlich. Auch die Aufgaben der Sanit\u00e4t geh\u00f6ren in unsere Verantwortung. \u00dcber 40 Mitglieder teilen sich diese Aufgaben &hellip; <\/p>\n<p class=\"link-more\"><a href=\"https:\/\/ehc-mo.ch\/?page_id=61\" class=\"more-link\"><span class=\"screen-reader-text\">&#171;Vorstellung&#187;<\/span> weiterlesen<\/a><\/p>\n","protected":false},"author":1,"featured_media":0,"parent":0,"menu_order":0,"comment_status":"closed","ping_status":"closed","template":"","meta":{"footnotes":""},"class_list":["post-61","page","type-page","status-publish","hentry"],"_links":{"self":[{"href":"https:\/\/ehc-mo.ch\/index.php?rest_route=\/wp\/v2\/pages\/61","targetHints":{"allow":["GET"]}}],"collection":[{"href":"https:\/\/ehc-mo.ch\/index.php?rest_route=\/wp\/v2\/pages"}],"about":[{"href":"https:\/\/ehc-mo.ch\/index.php?rest_route=\/wp\/v2\/types\/page"}],"author":[{"embeddable":true,"href":"https:\/\/ehc-mo.ch\/index.php?rest_route=\/wp\/v2\/users\/1"}],"replies":[{"embeddable":true,"href":"https:\/\/ehc-mo.ch\/index.php?rest_route=%2Fwp%2Fv2%2Fcomments&post=61"}],"version-history":[{"count":4,"href":"https:\/\/ehc-mo.ch\/index.php?rest_route=\/wp\/v2\/pages\/61\/revisions"}],"predecessor-version":[{"id":580,"href":"https:\/\/ehc-mo.ch\/index.php?rest_route=\/wp\/v2\/pages\/61\/revisions\/580"}],"wp:attachment":[{"href":"https:\/\/ehc-mo.ch\/index.php?rest_route=%2Fwp%2Fv2%2Fmedia&parent=61"}],"curies":[{"name":"wp","href":"https:\/\/api.w.org\/{rel}","templated":true}]}}