{"id":75,"date":"2019-07-02T20:13:45","date_gmt":"2019-07-02T20:13:45","guid":{"rendered":"https:\/\/ehc-mo.ch\/?page_id=75"},"modified":"2019-07-11T18:01:56","modified_gmt":"2019-07-11T17:01:56","slug":"sicherheit","status":"publish","type":"page","link":"https:\/\/ehc-mo.ch\/?page_id=75","title":{"rendered":"Sicherheit"},"content":{"rendered":"\n<p><strong>Der\nBereich Security (Sicherheit) und seine Aufgaben.<\/strong><\/p>\n\n\n\n<p><strong>1.\nEingangskontrolle.<\/strong><br>\n<br>\nHier wird nach Gegenst\u00e4nden gesucht, die in einem Stadion\nnichts zu suchen haben.<br>\n<br>\n&#8211; Tetrapack, PET und Glasflaschen.<br>\n&#8211; Feuerwerke jeglicher Art.<br>\n&#8211; Messer und Waffen\u00e4hnliche Gegenst\u00e4nde, &nbsp;&nbsp;Pfeffer\nund Reizgasspray.<br>\n&#8211; Wurfgegenst\u00e4nde jeglicher Art.<br>\n&#8211; Transparente mit rassistischen oder\n&nbsp;&nbsp;diskriminierenden Aufschriften.<br>\n<br>\nDiese Gegenst\u00e4nde k\u00f6nnen in der Stadionordnung nachgelesen\nwerden. Entsprechende Plakate sind am Stadioneingang angeschlagen.<\/p>\n\n\n\n<div class=\"wp-block-columns has-2-columns is-layout-flex wp-container-core-columns-is-layout-9d6595d7 wp-block-columns-is-layout-flex\">\n<div class=\"wp-block-column is-layout-flow wp-block-column-is-layout-flow\">\n<figure class=\"wp-block-image\"><img loading=\"lazy\" decoding=\"async\" width=\"325\" height=\"217\" src=\"https:\/\/ehc-mo.ch\/wp-content\/uploads\/2019\/07\/DSC00956.jpg\" alt=\"\" class=\"wp-image-145\" srcset=\"https:\/\/ehc-mo.ch\/wp-content\/uploads\/2019\/07\/DSC00956.jpg 325w, https:\/\/ehc-mo.ch\/wp-content\/uploads\/2019\/07\/DSC00956-300x200.jpg 300w\" sizes=\"auto, (max-width: 325px) 100vw, 325px\" \/><\/figure>\n<\/div>\n\n\n\n<div class=\"wp-block-column is-layout-flow wp-block-column-is-layout-flow\">\n<figure class=\"wp-block-image\"><img loading=\"lazy\" decoding=\"async\" width=\"325\" height=\"217\" src=\"https:\/\/ehc-mo.ch\/wp-content\/uploads\/2019\/07\/DSC00895.jpg\" alt=\"\" class=\"wp-image-146\" srcset=\"https:\/\/ehc-mo.ch\/wp-content\/uploads\/2019\/07\/DSC00895.jpg 325w, https:\/\/ehc-mo.ch\/wp-content\/uploads\/2019\/07\/DSC00895-300x200.jpg 300w\" sizes=\"auto, (max-width: 325px) 100vw, 325px\" \/><\/figure>\n<\/div>\n<\/div>\n\n\n\n<p><strong>2.\nHallensicherheit<\/strong><br>\n<br>\nBeobachtung der Fangruppierungen und Hilfeleistungen f\u00fcr Zuschauer.<br>\n<br>\n&#8211; Erteilen von Ausk\u00fcnften an Zuschauer.<br>\n&#8211; Durchsetzung der Stadionordnung.<br>\n&#8211; Eingreifen bei Ausschreitungen.<br>\n&#8211; Geregelte Durchf\u00fchrung von Evakuationen.<\/p>\n\n\n\n<div class=\"wp-block-columns has-2-columns is-layout-flex wp-container-core-columns-is-layout-9d6595d7 wp-block-columns-is-layout-flex\">\n<div class=\"wp-block-column is-layout-flow wp-block-column-is-layout-flow\">\n<figure class=\"wp-block-image\"><img loading=\"lazy\" decoding=\"async\" width=\"325\" height=\"217\" src=\"https:\/\/ehc-mo.ch\/wp-content\/uploads\/2019\/07\/DSC00910.jpg\" alt=\"\" class=\"wp-image-147\" srcset=\"https:\/\/ehc-mo.ch\/wp-content\/uploads\/2019\/07\/DSC00910.jpg 325w, https:\/\/ehc-mo.ch\/wp-content\/uploads\/2019\/07\/DSC00910-300x200.jpg 300w\" sizes=\"auto, (max-width: 325px) 100vw, 325px\" \/><\/figure>\n<\/div>\n\n\n\n<div class=\"wp-block-column is-layout-flow wp-block-column-is-layout-flow\">\n<figure class=\"wp-block-image\"><img loading=\"lazy\" decoding=\"async\" width=\"325\" height=\"217\" src=\"https:\/\/ehc-mo.ch\/wp-content\/uploads\/2019\/07\/DSC00973.jpg\" alt=\"\" class=\"wp-image-148\" srcset=\"https:\/\/ehc-mo.ch\/wp-content\/uploads\/2019\/07\/DSC00973.jpg 325w, https:\/\/ehc-mo.ch\/wp-content\/uploads\/2019\/07\/DSC00973-300x200.jpg 300w\" sizes=\"auto, (max-width: 325px) 100vw, 325px\" \/><\/figure>\n<\/div>\n<\/div>\n","protected":false},"excerpt":{"rendered":"<p>Der Bereich Security (Sicherheit) und seine Aufgaben. 1. Eingangskontrolle. Hier wird nach Gegenst\u00e4nden gesucht, die in einem Stadion nichts zu suchen haben. &#8211; Tetrapack, PET und Glasflaschen. &#8211; Feuerwerke jeglicher Art. &#8211; Messer und Waffen\u00e4hnliche Gegenst\u00e4nde, &nbsp;&nbsp;Pfeffer und Reizgasspray. &#8211; Wurfgegenst\u00e4nde jeglicher Art. &#8211; Transparente mit rassistischen oder &nbsp;&nbsp;diskriminierenden Aufschriften. Diese Gegenst\u00e4nde k\u00f6nnen in der &hellip; <\/p>\n<p class=\"link-more\"><a href=\"https:\/\/ehc-mo.ch\/?page_id=75\" class=\"more-link\"><span class=\"screen-reader-text\">&#171;Sicherheit&#187;<\/span> weiterlesen<\/a><\/p>\n","protected":false},"author":1,"featured_media":0,"parent":0,"menu_order":0,"comment_status":"closed","ping_status":"closed","template":"","meta":{"footnotes":""},"class_list":["post-75","page","type-page","status-publish","hentry"],"_links":{"self":[{"href":"https:\/\/ehc-mo.ch\/index.php?rest_route=\/wp\/v2\/pages\/75","targetHints":{"allow":["GET"]}}],"collection":[{"href":"https:\/\/ehc-mo.ch\/index.php?rest_route=\/wp\/v2\/pages"}],"about":[{"href":"https:\/\/ehc-mo.ch\/index.php?rest_route=\/wp\/v2\/types\/page"}],"author":[{"embeddable":true,"href":"https:\/\/ehc-mo.ch\/index.php?rest_route=\/wp\/v2\/users\/1"}],"replies":[{"embeddable":true,"href":"https:\/\/ehc-mo.ch\/index.php?rest_route=%2Fwp%2Fv2%2Fcomments&post=75"}],"version-history":[{"count":3,"href":"https:\/\/ehc-mo.ch\/index.php?rest_route=\/wp\/v2\/pages\/75\/revisions"}],"predecessor-version":[{"id":260,"href":"https:\/\/ehc-mo.ch\/index.php?rest_route=\/wp\/v2\/pages\/75\/revisions\/260"}],"wp:attachment":[{"href":"https:\/\/ehc-mo.ch\/index.php?rest_route=%2Fwp%2Fv2%2Fmedia&parent=75"}],"curies":[{"name":"wp","href":"https:\/\/api.w.org\/{rel}","templated":true}]}}