{"id":83,"date":"2019-07-02T20:15:35","date_gmt":"2019-07-02T20:15:35","guid":{"rendered":"https:\/\/ehc-mo.ch\/?page_id=83"},"modified":"2025-05-12T16:43:19","modified_gmt":"2025-05-12T15:43:19","slug":"vorstand","status":"publish","type":"page","link":"https:\/\/ehc-mo.ch\/?page_id=83","title":{"rendered":"Vorstand"},"content":{"rendered":"\n<div class=\"wp-block-columns has-2-columns is-layout-flex wp-container-core-columns-is-layout-9d6595d7 wp-block-columns-is-layout-flex\">\n<div class=\"wp-block-column is-layout-flow wp-block-column-is-layout-flow\">\n<figure class=\"wp-block-image\"><img loading=\"lazy\" decoding=\"async\" width=\"157\" height=\"223\" src=\"https:\/\/ehc-mo.ch\/wp-content\/uploads\/2019\/07\/Trappitsch-Christoph.jpg\" alt=\"Trappitsch Christoph\" class=\"wp-image-160\"\/><\/figure>\n\n\n\n<p><em><strong>Pr\u00e4sident<\/strong><\/em><br><em>Trappitsch Christoph<\/em><\/p>\n\n\n\n<p><a href=\"mailto:christoph.trappitsch@ehc-mo.ch\">christoph.trappitsch@ehc-mo.ch<\/a><br><em>Tel. +41 76 466 51 75<\/em><\/p>\n<\/div>\n\n\n\n<div class=\"wp-block-column is-layout-flow wp-block-column-is-layout-flow\">\n<figure class=\"wp-block-image is-resized\"><img loading=\"lazy\" decoding=\"async\" width=\"325\" height=\"486\" src=\"https:\/\/ehc-mo.ch\/wp-content\/uploads\/2019\/07\/Rensch-Gabriel.jpg\" alt=\"Rensch Gabriel\" class=\"wp-image-161\" style=\"width:149px;height:223px\" srcset=\"https:\/\/ehc-mo.ch\/wp-content\/uploads\/2019\/07\/Rensch-Gabriel.jpg 325w, https:\/\/ehc-mo.ch\/wp-content\/uploads\/2019\/07\/Rensch-Gabriel-201x300.jpg 201w\" sizes=\"auto, (max-width: 325px) 100vw, 325px\" \/><\/figure>\n\n\n\n<p><em><strong>Vizepr\u00e4sident<\/strong><\/em><br><em>Rensch Gabriel<\/em><\/p>\n\n\n\n<p><a href=\"mailto:gabriel.rensch@ehc-mo.ch\">gabriel.rensch@ehc-mo.ch<\/a><\/p>\n<\/div>\n<\/div>\n\n\n\n<div class=\"wp-block-columns has-2-columns is-layout-flex wp-container-core-columns-is-layout-9d6595d7 wp-block-columns-is-layout-flex\">\n<div class=\"wp-block-column is-layout-flow wp-block-column-is-layout-flow\">\n<figure class=\"wp-block-image is-resized\"><img loading=\"lazy\" decoding=\"async\" width=\"157\" height=\"215\" src=\"https:\/\/ehc-mo.ch\/wp-content\/uploads\/2019\/07\/Hindermann-Marc.jpg\" alt=\"Hindermann Marc\" class=\"wp-image-162\" style=\"width:162px;height:223px\"\/><\/figure>\n\n\n\n<p><strong>Kassier<\/strong><br>Hindermann Marc<\/p>\n\n\n\n<p><a href=\"mailto:marc.hindermann@ehc-mo.ch\">marc.hindermann@ehc-mo.ch<\/a><\/p>\n<\/div>\n\n\n\n<div class=\"wp-block-column is-layout-flow wp-block-column-is-layout-flow\">\n<figure class=\"wp-block-image is-resized\"><img loading=\"lazy\" decoding=\"async\" width=\"768\" height=\"1024\" src=\"https:\/\/ehc-mo.ch\/wp-content\/uploads\/2019\/07\/H\u00e4ner-Christoph-768x1024.jpg\" alt=\"H\u00e4ner Christoph\" class=\"wp-image-163\" style=\"width:168px;height:223px\" srcset=\"https:\/\/ehc-mo.ch\/wp-content\/uploads\/2019\/07\/H\u00e4ner-Christoph-768x1024.jpg 768w, https:\/\/ehc-mo.ch\/wp-content\/uploads\/2019\/07\/H\u00e4ner-Christoph-225x300.jpg 225w, https:\/\/ehc-mo.ch\/wp-content\/uploads\/2019\/07\/H\u00e4ner-Christoph.jpg 1200w\" sizes=\"auto, (max-width: 767px) 89vw, (max-width: 1000px) 54vw, (max-width: 1071px) 543px, 580px\" \/><\/figure>\n\n\n\n<p><strong>Aktuar<\/strong><br>H\u00e4ner Christoph<\/p>\n\n\n\n<p><a href=\"mailto:christoph.haener@ehc-mo.ch\">christoph.haener@ehc-mo.ch<\/a><\/p>\n<\/div>\n<\/div>\n\n\n\n<figure class=\"wp-block-image size-full is-resized\"><img loading=\"lazy\" decoding=\"async\" width=\"385\" height=\"600\" src=\"https:\/\/ehc-mo.ch\/wp-content\/uploads\/2025\/05\/Balthasar-Georges.jpg\" alt=\"\" class=\"wp-image-590\" style=\"width:163px;height:223px\" srcset=\"https:\/\/ehc-mo.ch\/wp-content\/uploads\/2025\/05\/Balthasar-Georges.jpg 385w, https:\/\/ehc-mo.ch\/wp-content\/uploads\/2025\/05\/Balthasar-Georges-193x300.jpg 193w\" sizes=\"auto, (max-width: 385px) 100vw, 385px\" \/><\/figure>\n\n\n\n<p><strong>Beisitzer<\/strong><br>Balthasar Georges<\/p>\n\n\n\n<p><a href=\"mailto:georges.balthasar@ehc-mo.ch\">georges.balthasar@ehc-mo.ch<\/a><\/p>\n","protected":false},"excerpt":{"rendered":"<p>Pr\u00e4sidentTrappitsch Christoph christoph.trappitsch@ehc-mo.chTel. +41 76 466 51 75 Vizepr\u00e4sidentRensch Gabriel gabriel.rensch@ehc-mo.ch KassierHindermann Marc marc.hindermann@ehc-mo.ch AktuarH\u00e4ner Christoph christoph.haener@ehc-mo.ch BeisitzerBalthasar Georges georges.balthasar@ehc-mo.ch<\/p>\n","protected":false},"author":1,"featured_media":0,"parent":0,"menu_order":0,"comment_status":"closed","ping_status":"closed","template":"","meta":{"footnotes":""},"class_list":["post-83","page","type-page","status-publish","hentry"],"_links":{"self":[{"href":"https:\/\/ehc-mo.ch\/index.php?rest_route=\/wp\/v2\/pages\/83","targetHints":{"allow":["GET"]}}],"collection":[{"href":"https:\/\/ehc-mo.ch\/index.php?rest_route=\/wp\/v2\/pages"}],"about":[{"href":"https:\/\/ehc-mo.ch\/index.php?rest_route=\/wp\/v2\/types\/page"}],"author":[{"embeddable":true,"href":"https:\/\/ehc-mo.ch\/index.php?rest_route=\/wp\/v2\/users\/1"}],"replies":[{"embeddable":true,"href":"https:\/\/ehc-mo.ch\/index.php?rest_route=%2Fwp%2Fv2%2Fcomments&post=83"}],"version-history":[{"count":5,"href":"https:\/\/ehc-mo.ch\/index.php?rest_route=\/wp\/v2\/pages\/83\/revisions"}],"predecessor-version":[{"id":592,"href":"https:\/\/ehc-mo.ch\/index.php?rest_route=\/wp\/v2\/pages\/83\/revisions\/592"}],"wp:attachment":[{"href":"https:\/\/ehc-mo.ch\/index.php?rest_route=%2Fwp%2Fv2%2Fmedia&parent=83"}],"curies":[{"name":"wp","href":"https:\/\/api.w.org\/{rel}","templated":true}]}}